{"id":2,"date":"2020-08-19T12:45:08","date_gmt":"2020-08-19T12:45:08","guid":{"rendered":"https:\/\/driverita.com\/?page_id=2"},"modified":"2023-12-07T05:27:56","modified_gmt":"2023-12-07T05:27:56","slug":"sample-page","status":"publish","type":"page","link":"https:\/\/driverita.com\/","title":{"rendered":"Assistenza nel collegamento e nell&#8217;utilizzo dei dispositivi informatici. Scaricare e installare il software"},"content":{"rendered":"<p>Il sito Web fornisce informazioni sull&#8217;uso di computer e software. Queste informazioni sono nelle sezioni tematiche. Inoltre sul sito \u00e8 possibile trovare risposte a domande complesse che sorgono quando si utilizzano stampanti, scanner, monitor, laptop e altri dispositivi informatici.<\/p>\n<p>Se non sai come collegare un dispositivo aggiuntivo al tuo computer e hai bisogno di istruzioni su come collegarlo correttamente, puoi utilizzare la barra di ricerca presente su questo sito (situata in alto a destra in ogni pagina) o scriverci.<\/p>\n<p>Il software \u00e8 necessario per utilizzare qualsiasi dispositivo informatico. Si consiglia di utilizzare il software originale fornito con il dispositivo del computer. Se non disponi del software e non riesci a trovarlo sul sito Web del produttore del dispositivo del computer, possiamo aiutarti. Comunicaci il modello della tua stampante, scanner, monitor o altro dispositivo informatico, nonch\u00e9 la versione del sistema operativo (ad esempio: Windows 11, Windows 10, Windows 8, ecc.).<\/p>\n<p>Prima di utilizzare una stampante, uno scanner, un monitor o un altro dispositivo del computer, \u00e8 necessario installare il driver, che di solito si trova sul disco fornito con questo dispositivo. Se non \u00e8 presente alcun disco o \u00e8 andato perso, \u00e8 possibile scaricare il driver necessario sul sito. Senza un driver, il sistema operativo non \u00e8 in grado di rilevare il dispositivo connesso.<\/p>\n<table style=\"border-collapse: collapse; width: 100%;\">\n<tbody>\n<tr>\n<td style=\"width: 100%;\"><img loading=\"lazy\" decoding=\"async\" class=\"size-full wp-image-58624 alignleft\" src=\"https:\/\/driverita.com\/wp-content\/uploads\/2023\/12\/Driver-per-computer.webp\" alt=\"Installazione del driver\" width=\"80\" height=\"65\" \/><a href=\"https:\/\/driverita.com\/?p=36929\" rel=\"noopener\">Come installare il driver se non \u00e8 presente il file setup.exe<\/a> e come installare il driver utilizzando il file .INF. In questo caso, apri il file scaricato che dovrebbe contenere il driver e utilizza il file .INF per eseguire l\u2019installazione. In questo articolo ti diremo e mostreremo come installare un driver utilizzando un file .INF.<\/td>\n<\/tr>\n<tr>\n<td style=\"width: 100%;\"><img loading=\"lazy\" decoding=\"async\" class=\"size-full wp-image-58625 alignleft\" src=\"https:\/\/driverita.com\/wp-content\/uploads\/2023\/12\/Software.webp\" alt=\"Software per il computer\" width=\"80\" height=\"65\" \/><a href=\"https:\/\/driverita.com\/?p=26656\">Software essenziale per qualsiasi computer<\/a>. Se hai acquistato un nuovo computer o hai reinstallato il sistema operativo, in questa pagina del sito troverai tutto il software necessario e le istruzioni per installarlo. Software per sistemi operativi: Windows 11, Windows 10, Windows 8.1, Windows, 7, Vista, XP.<\/td>\n<\/tr>\n<tr>\n<td style=\"width: 100%;\"><img loading=\"lazy\" decoding=\"async\" class=\"size-full wp-image-58626 alignleft\" src=\"https:\/\/driverita.com\/wp-content\/uploads\/2023\/12\/scan.webp\" alt=\"Software dello scanner\" width=\"80\" height=\"80\" \/><a href=\"https:\/\/driverita.com\/?p=39347\">Se non riesci a trovare il software dello scanner<\/a> o non sai come utilizzare lo scanner per scansionare documenti e foto. Se non riesci a trovare il software per il tuo scanner o multifunzione, puoi utilizzare il software \u2018Fax e scanner di Windows\u2019. Questo software \u00e8 incluso nel sistema operativo Windows e non richiede installazione.<\/td>\n<\/tr>\n<tr>\n<td style=\"width: 100%;\"><img loading=\"lazy\" decoding=\"async\" class=\"size-full wp-image-56958 alignleft\" src=\"https:\/\/driverita.com\/wp-content\/uploads\/2023\/08\/defective-pixels-1.jpg\" alt=\"Come verificare se ci sono pixel morti su uno schermo\" width=\"80\" height=\"65\" \/><a href=\"https:\/\/driverita.com\/?p=56889\">Come verificare se ci sono pixel morti su uno schermo TV o sul monitor di un computer<\/a> &#8211; Per la verifica, avrai bisogno di immagini di rosso, verde e blu, poich\u00e9 i pixel sono disponibili solo in questi tre colori. Avrai anche bisogno di immagini in bianco e nero, sulle quali siano chiaramente visibili pixel rotti e altri difetti.<\/td>\n<\/tr>\n<\/tbody>\n<\/table>\n<p>Sul sito \u00e8 possibile scaricare i driver (software) per Windows 11, Windows 10, Windows 8\/8.1, Windows 7 Vista XP (64-bit\/32-bit) Mac OS e altri sistemi operativi.<\/p>\n<p><img loading=\"lazy\" decoding=\"async\" class=\"alignleft wp-image-36690 size-full\" src=\"https:\/\/driverita.com\/wp-content\/uploads\/2020\/08\/Software_01.jpg\" alt=\"Software per dispositivi informatici\" width=\"300\" height=\"200\" srcset=\"https:\/\/driverita.com\/wp-content\/uploads\/2020\/08\/Software_01.jpg 300w, https:\/\/driverita.com\/wp-content\/uploads\/2020\/08\/Software_01-260x173.jpg 260w, https:\/\/driverita.com\/wp-content\/uploads\/2020\/08\/Software_01-160x107.jpg 160w\" sizes=\"auto, (max-width: 300px) 100vw, 300px\" \/>Driver: Un driver, dall&#8217;inglese &#8220;autista&#8221;, in informatica indica l&#8217;insieme di procedure software, spesso scritte in assembly, che permette ad un sistema operativo di pilotare un dispositivo hardware (ad es. una periferica). Esso permette al sistema operativo di utilizzare l&#8217;hardware senza sapere come esso funzioni, ma dialogandoci attraverso un&#8217;interfaccia standard, i registri del controllore della periferica, che astrae dall&#8217;implementazione dell&#8217;hardware e che ne considera solo il funzionamento logico. In questo modo hardware diverso costruito da produttori diversi pu\u00f2 essere utilizzato in modo intercambiabile.<\/p>\n<p>Software: Genericamente si intende l\u2019insieme dei programmi impiegati in un sistema di elaborazione dati che gestisce il funzionamento di un elaboratore; si distingue fra: software di sistema: quello relativo al sistema operativo dell\u2019elaboratore elettronico; software di base: insieme dei programmi e delle procedure di utilit\u00e0 generale impiegabili da altri programmi; software applicativo: relativo ai programmi applicativi progettati per particolari funzioni che possono essere a esempio la scrittura, l&#8217;elaborazione di immagini, la gestione dei dati e altro.<\/p>\n<p>Speriamo che il nostro sito ti aiuti a risolvere i problemi di interesse.<\/p>\n<p>Sezioni tematiche del sito web: <a href=\"https:\/\/driverita.com\/?cat=103\">A4Tech driver<\/a> \/ <a href=\"https:\/\/driverita.com\/?cat=90\">Acer driver per laptop<\/a> \/ <a href=\"https:\/\/driverita.com\/?cat=126\">AOC Monitor Driver<\/a> \/ <a href=\"https:\/\/driverita.com\/?cat=129\">ASUS driver per laptop<\/a> \/ <a href=\"https:\/\/driverita.com\/?cat=112\">AVerMedia Driver<\/a> \/ <a href=\"https:\/\/driverita.com\/?cat=105\">BenQ Monitor Driver<\/a> \/ <a href=\"https:\/\/driverita.com\/?cat=139\">Brother Driver<\/a> \/ <a href=\"https:\/\/driverita.com\/?cat=79\">Canon driver della stampante, scanner<\/a> \/ <a href=\"https:\/\/driverita.com\/?cat=115\">Cougar Driver<\/a> \/ <a href=\"https:\/\/driverita.com\/?cat=111\">DEXP driver per laptop<\/a> \/ <a href=\"https:\/\/driverita.com\/?cat=114\">DNP Driver della stampante<\/a> \/ <a href=\"https:\/\/driverita.com\/?cat=84\">Epson Driver della stampante<\/a> \/ <a href=\"https:\/\/driverita.com\/?cat=131\">Epson Driver dello scanner<\/a> \/ <a href=\"https:\/\/driverita.com\/?cat=141\">FebSmart Driver<\/a> \/ <a href=\"https:\/\/driverita.com\/?cat=77\">Fujitsu Driver<\/a> \/ <a href=\"https:\/\/driverita.com\/?cat=144\">GAOMON Driver<\/a> \/ <a href=\"https:\/\/driverita.com\/?cat=109\">Genius Driver<\/a> \/ <a href=\"https:\/\/driverita.com\/?cat=124\">HAVIT driver<\/a> \/ <a href=\"https:\/\/driverita.com\/?cat=82\">HP Driver della stampante<\/a> \/ <a href=\"https:\/\/driverita.com\/?cat=123\">HP driver per laptop<\/a> \/ <a href=\"https:\/\/driverita.com\/?cat=137\">HyperX software<\/a> \/ <a href=\"https:\/\/driverita.com\/?cat=148\">iiyama driver<\/a> \/ <a href=\"https:\/\/driverita.com\/?cat=98\">Kyocera Driver della stampante<\/a> \/ <a href=\"https:\/\/driverita.com\/?cat=107\">Lenovo driver per laptop<\/a> \/ <a href=\"https:\/\/driverita.com\/?cat=86\">Lexmark Driver della stampante<\/a> \/ <a href=\"https:\/\/driverita.com\/?cat=130\">Lite-ON (LITEON) Driver<\/a> \/ <a href=\"https:\/\/driverita.com\/?cat=78\">Logitech Driver<\/a> \/ <a href=\"https:\/\/driverita.com\/?cat=80\">Machenike driver per laptop<\/a> \/ <a href=\"https:\/\/driverita.com\/?cat=128\">MEDION driver per laptop<\/a> \/ <a href=\"https:\/\/driverita.com\/?cat=125\">Mionix Driver<\/a> \/ <a href=\"https:\/\/driverita.com\/?cat=127\">Mitsubishi Driver<\/a> \/ <a href=\"https:\/\/driverita.com\/?cat=91\">MSI driver per laptop<\/a> \/ <a href=\"https:\/\/driverita.com\/?cat=113\">Mustek Driver dello scanner<\/a> \/ <a href=\"https:\/\/driverita.com\/?cat=146\">NexiGo Driver<\/a> \/ <a href=\"https:\/\/driverita.com\/?cat=95\">NVIDIA GeForce driver<\/a> \/ <a href=\"https:\/\/driverita.com\/?cat=96\">NVIDIA Quadro driver<\/a> \/ <a href=\"https:\/\/driverita.com\/?cat=101\">OKI Driver della stampante<\/a> \/ <a href=\"https:\/\/driverita.com\/?cat=138\">ORICO Driver<\/a> \/ <a href=\"https:\/\/driverita.com\/?cat=99\">Panasonic Driver<\/a> \/ <a href=\"https:\/\/driverita.com\/?cat=94\">Pantum Driver della stampante<\/a> \/ <a href=\"https:\/\/driverita.com\/?cat=100\">Razer Driver<\/a> \/ <a href=\"https:\/\/driverita.com\/?cat=143\">Redragon<\/a> \/ <a href=\"https:\/\/driverita.com\/?cat=102\">Ricoh Driver della stampante<\/a> \/ <a href=\"https:\/\/driverita.com\/?cat=140\">Sabrent Driver<\/a> \/ <a href=\"https:\/\/driverita.com\/?cat=88\">Samsung Driver della stampante<\/a> \/ <a href=\"https:\/\/driverita.com\/?cat=89\">Samsung driver per laptop<\/a> \/ <a href=\"https:\/\/driverita.com\/?cat=132\">SATO Driver della stampante<\/a> \/ <a href=\"https:\/\/driverita.com\/?cat=93\">Scarica i driver per Notebook, Laptop<\/a> \/ <a href=\"https:\/\/driverita.com\/?cat=83\">Scarica Universal Driver<\/a> \/ <a href=\"https:\/\/driverita.com\/?cat=122\">SEYPOS Driver<\/a> \/ <a href=\"https:\/\/driverita.com\/?cat=76\">Software<\/a> \/ <a href=\"https:\/\/driverita.com\/?cat=117\">ThunderX3 Driver<\/a> \/ <a href=\"https:\/\/driverita.com\/?cat=85\">TOSHIBA Driver<\/a> \/ <a href=\"https:\/\/driverita.com\/?cat=142\">UGREEN driver<\/a> \/ <a href=\"https:\/\/driverita.com\/?cat=147\">UHURU Driver<\/a> \/ <a href=\"https:\/\/driverita.com\/?cat=1\">Uncategorized<\/a> \/ <a href=\"https:\/\/driverita.com\/?cat=97\">VIA Driver<\/a> \/ <a href=\"https:\/\/driverita.com\/?cat=118\">Wacom Driver<\/a> \/ <a href=\"https:\/\/driverita.com\/?cat=145\">X-MEDIA Driver<\/a> \/ <a href=\"https:\/\/driverita.com\/?cat=87\">Xerox Driver della stampante<\/a> \/ <a href=\"https:\/\/driverita.com\/?cat=121\">XP-Pen Driver<\/a> \/ <a href=\"https:\/\/driverita.com\/wp-content\/uploads\/2020\/08\/Driver-driverita.com_.jpg\" target=\"_blank\" rel=\"noopener noreferrer\">driver<\/a> \/ <a href=\"https:\/\/driverita.com\/wp-content\/uploads\/2020\/08\/Software-driverita.com_.jpg\" target=\"_blank\" rel=\"noopener noreferrer\">software<\/a><\/p>\n<div class=\"social-share-buttons\"><a href=\"https:\/\/www.facebook.com\/sharer\/sharer.php?u=https:\/\/driverita.com\/\" target=\"_blank\" rel=\"noopener\">Facebook<\/a><a href=\"https:\/\/twitter.com\/intent\/tweet?url=https:\/\/driverita.com\/&text=Assistenza+nel+collegamento+e+nell%E2%80%99utilizzo+dei+dispositivi+informatici.+Scaricare+e+installare+il+software\" target=\"_blank\" rel=\"noopener\">Twitter<\/a><a href=\"https:\/\/www.linkedin.com\/shareArticle?url=https:\/\/driverita.com\/&title=Assistenza+nel+collegamento+e+nell%E2%80%99utilizzo+dei+dispositivi+informatici.+Scaricare+e+installare+il+software\" target=\"_blank\" rel=\"noopener\">LinkedIn<\/a><a href=\"https:\/\/pinterest.com\/pin\/create\/button\/?url=https:\/\/driverita.com\/&description=Assistenza+nel+collegamento+e+nell%E2%80%99utilizzo+dei+dispositivi+informatici.+Scaricare+e+installare+il+software\" target=\"_blank\" rel=\"noopener\">Pinterest<\/a><\/div>","protected":false},"excerpt":{"rendered":"<p>Il sito Web fornisce informazioni sull&#8217;uso di computer e software. Queste informazioni sono nelle sezioni tematiche. Inoltre sul sito \u00e8 possibile trovare risposte a domande complesse che sorgono quando si utilizzano stampanti, scanner, monitor, laptop e altri dispositivi informatici. Se&hellip;<\/p>\n<p class=\"more-link-p\"><a class=\"more-link\" href=\"https:\/\/driverita.com\/\">Read more &rarr;<\/a><\/p>\n","protected":false},"author":1,"featured_media":0,"parent":0,"menu_order":0,"comment_status":"closed","ping_status":"open","template":"","meta":{"_lmt_disableupdate":"no","_lmt_disable":"","footnotes":""},"class_list":["post-2","page","type-page","status-publish","hentry"],"_links":{"self":[{"href":"https:\/\/driverita.com\/index.php?rest_route=\/wp\/v2\/pages\/2","targetHints":{"allow":["GET"]}}],"collection":[{"href":"https:\/\/driverita.com\/index.php?rest_route=\/wp\/v2\/pages"}],"about":[{"href":"https:\/\/driverita.com\/index.php?rest_route=\/wp\/v2\/types\/page"}],"author":[{"embeddable":true,"href":"https:\/\/driverita.com\/index.php?rest_route=\/wp\/v2\/users\/1"}],"replies":[{"embeddable":true,"href":"https:\/\/driverita.com\/index.php?rest_route=%2Fwp%2Fv2%2Fcomments&post=2"}],"version-history":[{"count":0,"href":"https:\/\/driverita.com\/index.php?rest_route=\/wp\/v2\/pages\/2\/revisions"}],"wp:attachment":[{"href":"https:\/\/driverita.com\/index.php?rest_route=%2Fwp%2Fv2%2Fmedia&parent=2"}],"curies":[{"name":"wp","href":"https:\/\/api.w.org\/{rel}","templated":true}]}}